{"id":39,"date":"2022-01-15T06:13:44","date_gmt":"2022-01-15T06:13:44","guid":{"rendered":"http:\/\/www.hbcklinik.com\/?page_id=39"},"modified":"2025-11-19T18:24:03","modified_gmt":"2025-11-19T18:24:03","slug":"iletisim","status":"publish","type":"page","link":"https:\/\/opdrhalisebabayigitcam.com\/?page_id=39","title":{"rendered":"\u0130LET\u0130\u015e\u0130M"},"content":{"rendered":"<div data-colibri-id=\"39-c1\" class=\"style-742 style-local-39-c1 position-relative\">\n  <!---->\n  <div data-colibri-component=\"section\" data-colibri-id=\"39-c2\" id=\"initial-content\" class=\"h-section h-section-global-spacing d-flex align-items-lg-center align-items-md-center align-items-center style-743 style-local-39-c2 position-relative\">\n    <!---->\n    <!---->\n    <div class=\"h-section-grid-container h-section-boxed-container\">\n      <!---->\n      <div data-colibri-id=\"39-c3\" class=\"h-row-container gutters-row-lg-2 gutters-row-md-2 gutters-row-0 gutters-row-v-lg-2 gutters-row-v-md-2 gutters-row-v-2 style-744 style-local-39-c3 position-relative\">\n        <!---->\n        <div class=\"h-row justify-content-lg-center justify-content-md-center justify-content-center align-items-lg-stretch align-items-md-stretch align-items-stretch gutters-col-lg-2 gutters-col-md-2 gutters-col-0 gutters-col-v-lg-2 gutters-col-v-md-2 gutters-col-v-2\">\n          <!---->\n          <div class=\"h-column h-column-container d-flex h-col-lg-auto h-col-md-auto h-col-auto style-745-outer style-local-39-c4-outer\">\n            <div data-colibri-id=\"39-c4\" class=\"d-flex h-flex-basis h-column__inner h-px-lg-2 h-px-md-2 h-px-2 v-inner-lg-2 v-inner-md-2 v-inner-2 style-745 style-local-39-c4 position-relative\">\n              <!---->\n              <!---->\n              <div class=\"w-100 h-y-container h-column__content h-column__v-align flex-basis-100 align-self-lg-start align-self-md-start align-self-start\">\n                <!---->\n                <div data-colibri-component=\"dropdown-menu\" role=\"navigation\" h-use-smooth-scroll-all=\"true\" data-colibri-id=\"39-c6\" class=\"h-menu h-global-transition-all h-ignore-global-body-typography has-offcanvas-mobile h-menu-horizontal h-dropdown-menu style-748 style-local-39-c6 position-relative h-element\">\n                  <!---->\n                  <div class=\"h-global-transition-all h-main-menu\"><div class=\"colibri-menu-container\"><ul id=\"menu-hbc-klinik\" class=\"colibri-menu bordered-active-item bordered-active-item--bottom effect-borders-grow grow-from-left\"><li id=\"menu-item-859\" class=\"menu-item menu-item-type-post_type menu-item-object-page menu-item-home menu-item-859\"><a href=\"https:\/\/opdrhalisebabayigitcam.com\/\">Anasayfa<\/a><\/li>\n<li id=\"menu-item-88\" class=\"menu-item menu-item-type-post_type menu-item-object-page menu-item-has-children menu-item-88\"><a href=\"https:\/\/opdrhalisebabayigitcam.com\/?page_id=31\">Hakk\u0131mda<svg aria-hidden=\"true\" data-prefix=\"fas\" data-icon=\"angle-down\" class=\"svg-inline--fa fa-angle-down fa-w-10\" role=\"img\" xmlns=\"http:\/\/www.w3.org\/2000\/svg\" viewBox=\"0 0 320 512\"><path fill=\"currentColor\" d=\"M143 352.3L7 216.3c-9.4-9.4-9.4-24.6 0-33.9l22.6-22.6c9.4-9.4 24.6-9.4 33.9 0l96.4 96.4 96.4-96.4c9.4-9.4 24.6-9.4 33.9 0l22.6 22.6c9.4 9.4 9.4 24.6 0 33.9l-136 136c-9.2 9.4-24.4 9.4-33.8 0z\"><\/path><\/svg><svg aria-hidden=\"true\" data-prefix=\"fas\" data-icon=\"angle-right\" class=\"svg-inline--fa fa-angle-right fa-w-8\" role=\"img\" xmlns=\"http:\/\/www.w3.org\/2000\/svg\" viewBox=\"0 0 256 512\"><path fill=\"currentColor\" d=\"M224.3 273l-136 136c-9.4 9.4-24.6 9.4-33.9 0l-22.6-22.6c-9.4-9.4-9.4-24.6 0-33.9l96.4-96.4-96.4-96.4c-9.4-9.4-9.4-24.6 0-33.9L54.3 103c9.4-9.4 24.6-9.4 33.9 0l136 136c9.5 9.4 9.5 24.6.1 34z\"><\/path><\/svg><\/a>\n<ul class=\"sub-menu\">\n\t<li id=\"menu-item-767\" class=\"menu-item menu-item-type-post_type menu-item-object-page menu-item-767\"><a href=\"https:\/\/opdrhalisebabayigitcam.com\/?page_id=765\">Ben Kimim?<\/a><\/li>\n\t<li id=\"menu-item-117\" class=\"menu-item menu-item-type-post_type menu-item-object-page menu-item-117\"><a href=\"https:\/\/opdrhalisebabayigitcam.com\/?page_id=116\">Yay\u0131nlar\u0131m<\/a><\/li>\n\t<li id=\"menu-item-120\" class=\"menu-item menu-item-type-post_type menu-item-object-page menu-item-120\"><a href=\"https:\/\/opdrhalisebabayigitcam.com\/?page_id=119\">Ba\u015far\u0131 ve Te\u015fekk\u00fcr Belgeleri<\/a><\/li>\n\t<li id=\"menu-item-123\" class=\"menu-item menu-item-type-post_type menu-item-object-page menu-item-123\"><a href=\"https:\/\/opdrhalisebabayigitcam.com\/?page_id=122\">Kat\u0131ld\u0131\u011f\u0131 Kongreler, E\u011fitimler ve Ald\u0131\u011f\u0131 Sertifikalar<\/a><\/li>\n\t<li id=\"menu-item-126\" class=\"menu-item menu-item-type-post_type menu-item-object-page menu-item-126\"><a href=\"https:\/\/opdrhalisebabayigitcam.com\/?page_id=125\">Kitap \u201dHayata Bir Ne\u015fter\u201d<\/a><\/li>\n<\/ul>\n<\/li>\n<li id=\"menu-item-89\" class=\"menu-item menu-item-type-post_type menu-item-object-page menu-item-has-children menu-item-89\"><a href=\"https:\/\/opdrhalisebabayigitcam.com\/?page_id=38\">Hizmetler<svg aria-hidden=\"true\" data-prefix=\"fas\" data-icon=\"angle-down\" class=\"svg-inline--fa fa-angle-down fa-w-10\" role=\"img\" xmlns=\"http:\/\/www.w3.org\/2000\/svg\" viewBox=\"0 0 320 512\"><path fill=\"currentColor\" d=\"M143 352.3L7 216.3c-9.4-9.4-9.4-24.6 0-33.9l22.6-22.6c9.4-9.4 24.6-9.4 33.9 0l96.4 96.4 96.4-96.4c9.4-9.4 24.6-9.4 33.9 0l22.6 22.6c9.4 9.4 9.4 24.6 0 33.9l-136 136c-9.2 9.4-24.4 9.4-33.8 0z\"><\/path><\/svg><svg aria-hidden=\"true\" data-prefix=\"fas\" data-icon=\"angle-right\" class=\"svg-inline--fa fa-angle-right fa-w-8\" role=\"img\" xmlns=\"http:\/\/www.w3.org\/2000\/svg\" viewBox=\"0 0 256 512\"><path fill=\"currentColor\" d=\"M224.3 273l-136 136c-9.4 9.4-24.6 9.4-33.9 0l-22.6-22.6c-9.4-9.4-9.4-24.6 0-33.9l96.4-96.4-96.4-96.4c-9.4-9.4-9.4-24.6 0-33.9L54.3 103c9.4-9.4 24.6-9.4 33.9 0l136 136c9.5 9.4 9.5 24.6.1 34z\"><\/path><\/svg><\/a>\n<ul class=\"sub-menu\">\n\t<li id=\"menu-item-692\" class=\"menu-item menu-item-type-post_type menu-item-object-page menu-item-692\"><a href=\"https:\/\/opdrhalisebabayigitcam.com\/?page_id=691\">Akupunktur<\/a><\/li>\n\t<li id=\"menu-item-657\" class=\"menu-item menu-item-type-post_type menu-item-object-page menu-item-657\"><a href=\"https:\/\/opdrhalisebabayigitcam.com\/?page_id=656\">Fitoterapi<\/a><\/li>\n\t<li id=\"menu-item-674\" class=\"menu-item menu-item-type-post_type menu-item-object-page menu-item-674\"><a href=\"https:\/\/opdrhalisebabayigitcam.com\/?page_id=673\">Hirudoterapi<\/a><\/li>\n\t<li id=\"menu-item-777\" class=\"menu-item menu-item-type-post_type menu-item-object-page menu-item-777\"><a href=\"https:\/\/opdrhalisebabayigitcam.com\/?page_id=776\">Homeopati<\/a><\/li>\n\t<li id=\"menu-item-780\" class=\"menu-item menu-item-type-post_type menu-item-object-page menu-item-780\"><a href=\"https:\/\/opdrhalisebabayigitcam.com\/?page_id=779\">\u00c7ocuk Homeopati<\/a><\/li>\n\t<li id=\"menu-item-732\" class=\"menu-item menu-item-type-post_type menu-item-object-page menu-item-732\"><a href=\"https:\/\/opdrhalisebabayigitcam.com\/?page_id=731\">Kupa Terapi<\/a><\/li>\n\t<li id=\"menu-item-722\" class=\"menu-item menu-item-type-post_type menu-item-object-page menu-item-722\"><a href=\"https:\/\/opdrhalisebabayigitcam.com\/?page_id=721\">Mezoterapi<\/a><\/li>\n\t<li id=\"menu-item-712\" class=\"menu-item menu-item-type-post_type menu-item-object-page menu-item-712\"><a href=\"https:\/\/opdrhalisebabayigitcam.com\/?page_id=711\">Ozonpunktur<\/a><\/li>\n\t<li id=\"menu-item-702\" class=\"menu-item menu-item-type-post_type menu-item-object-page menu-item-702\"><a href=\"https:\/\/opdrhalisebabayigitcam.com\/?page_id=701\">Ozon Terapi<\/a><\/li>\n<\/ul>\n<\/li>\n<li id=\"menu-item-91\" class=\"menu-item menu-item-type-post_type menu-item-object-page menu-item-91\"><a href=\"https:\/\/opdrhalisebabayigitcam.com\/?page_id=39\">\u0130LET\u0130\u015e\u0130M<\/a><\/li>\n<\/ul><\/div><\/div>\n                  <div data-colibri-id=\"39-c7\" class=\"h-mobile-menu h-global-transition-disable style-749 style-local-39-c7 position-relative h-element\">\n                    <!---->\n                    <a data-click-outside=\"true\" data-target=\"#offcanvas-wrapper-39-c7\" data-target-id=\"offcanvas-wrapper-39-c7\" data-offcanvas-overlay-id=\"offcanvas-overlay-39-c7\" href=\"#\" data-colibri-component=\"offcanvas\" data-direction=\"right\" data-push=\"false\"\n                      title=\"Menu\" class=\"h-hamburger-button\">\n                      <div class=\"icon-container h-hamburger-icon\">\n                        <div class=\"h-icon-svg\" style=\"width: 100%; height: 100%;\">\n                          <!--Icon by Font Awesome (https:\/\/fontawesome.com)-->\n                          <svg version=\"1.1\" xmlns=\"http:\/\/www.w3.org\/2000\/svg\" xmlns:xlink=\"http:\/\/www.w3.org\/1999\/xlink\" id=\"bars\" viewBox=\"0 0 1536 1896.0833\">\n                            <path d=\"M1536 1344v128q0 26-19 45t-45 19H64q-26 0-45-19t-19-45v-128q0-26 19-45t45-19h1408q26 0 45 19t19 45zm0-512v128q0 26-19 45t-45 19H64q-26 0-45-19T0 960V832q0-26 19-45t45-19h1408q26 0 45 19t19 45zm0-512v128q0 26-19 45t-45 19H64q-26 0-45-19T0 448V320q0-26 19-45t45-19h1408q26 0 45 19t19 45z\"><\/path>\n                          <\/svg>\n                        <\/div>\n                      <\/div>\n                    <\/a>\n                    <div id=\"offcanvas-wrapper-39-c7\" class=\"h-offcanvas-panel offcanvas offcanvas-right hide force-hide style-749-offscreen style-local-39-c7-offscreen\">\n                      <div data-colibri-id=\"39-c8\" class=\"d-flex flex-column h-offscreen-panel style-750 style-local-39-c8 position-relative h-element\">\n                        <!---->\n                        <div class=\"offscreen-header h-ui-empty-state-container\">\n                          <div data-colibri-id=\"39-c10\" class=\"h-row-container gutters-row-lg-0 gutters-row-md-0 gutters-row-0 gutters-row-v-lg-0 gutters-row-v-md-0 gutters-row-v-0 style-752 style-local-39-c10 position-relative\">\n                            <!---->\n                            <div class=\"h-row justify-content-lg-center justify-content-md-center justify-content-center align-items-lg-stretch align-items-md-stretch align-items-stretch gutters-col-lg-0 gutters-col-md-0 gutters-col-0 gutters-col-v-lg-0 gutters-col-v-md-0 gutters-col-v-0\">\n                              <!---->\n                              <div class=\"h-column h-column-container d-flex h-col-lg h-col-md h-col-auto style-753-outer style-local-39-c11-outer\">\n                                <div data-colibri-id=\"39-c11\" class=\"d-flex h-flex-basis h-column__inner h-px-lg-2 h-px-md-2 h-px-2 v-inner-lg-2 v-inner-md-2 v-inner-2 style-753 style-local-39-c11 position-relative\">\n                                  <!---->\n                                  <!---->\n                                  <div class=\"w-100 h-y-container h-column__content h-column__v-align flex-basis-100 align-self-lg-start align-self-md-start align-self-start\">\n                                    <!---->\n                                    <div data-colibri-id=\"39-c12\" class=\"d-flex align-items-center text-lg-center text-md-center text-center justify-content-lg-center justify-content-md-center justify-content-center style-754 style-local-39-c12 position-relative h-element\">\n                                      <!---->\n                                      <a rel=\"home\" href=\"https:\/\/opdrhalisebabayigitcam.com\/\" h-use-smooth-scroll=\"true\" class=\"d-flex align-items-center\">\n                                        <img decoding=\"async\" src=\"https:\/\/opdrhalisebabayigitcam.com\/wp-content\/uploads\/2022\/01\/cropped-HBC\u0327-Logo_C\u0327alis\u0327ma-Yu\u0308zeyi-1.png\" class=\"h-logo__image h-logo__image_h logo-image style-754-image style-local-39-c12-image\" alt=\"\" \/>\n                                        <img decoding=\"async\" src=\"https:\/\/opdrhalisebabayigitcam.com\/wp-content\/uploads\/2022\/01\/cropped-HBC\u0327-Logo_C\u0327alis\u0327ma-Yu\u0308zeyi-1.png\" class=\"h-logo__alt-image h-logo__alt-image_h logo-alt-image style-754-image style-local-39-c12-image\">\n                                      <\/a>\n                                    <\/div>\n                                  <\/div>\n                                <\/div>\n                              <\/div>\n                            <\/div>\n                          <\/div>\n                        <\/div>\n                        <div class=\"offscreen-content\">\n                          <!---->\n                          <div data-colibri-component=\"accordion-menu\" role=\"navigation\" h-use-smooth-scroll-all=\"true\" data-colibri-id=\"39-c9\" class=\"h-menu h-global-transition-all h-ignore-global-body-typography h-mobile-menu h-menu-accordion style-751 style-local-39-c9 position-relative h-element\">\n                            <!---->\n                            <div class=\"h-global-transition-all h-mobile-menu\"><div class=\"colibri-menu-container\"><ul id=\"menu-hbc-klinik-1\" class=\"colibri-menu none \"><li class=\"menu-item menu-item-type-post_type menu-item-object-page menu-item-home menu-item-859\"><a href=\"https:\/\/opdrhalisebabayigitcam.com\/\">Anasayfa<\/a><\/li>\n<li class=\"menu-item menu-item-type-post_type menu-item-object-page menu-item-has-children menu-item-88\"><a href=\"https:\/\/opdrhalisebabayigitcam.com\/?page_id=31\">Hakk\u0131mda<svg aria-hidden=\"true\" data-prefix=\"fas\" data-icon=\"angle-down\" class=\"svg-inline--fa fa-angle-down fa-w-10\" role=\"img\" xmlns=\"http:\/\/www.w3.org\/2000\/svg\" viewBox=\"0 0 320 512\"><path fill=\"currentColor\" d=\"M143 352.3L7 216.3c-9.4-9.4-9.4-24.6 0-33.9l22.6-22.6c9.4-9.4 24.6-9.4 33.9 0l96.4 96.4 96.4-96.4c9.4-9.4 24.6-9.4 33.9 0l22.6 22.6c9.4 9.4 9.4 24.6 0 33.9l-136 136c-9.2 9.4-24.4 9.4-33.8 0z\"><\/path><\/svg><svg aria-hidden=\"true\" data-prefix=\"fas\" data-icon=\"angle-right\" class=\"svg-inline--fa fa-angle-right fa-w-8\" role=\"img\" xmlns=\"http:\/\/www.w3.org\/2000\/svg\" viewBox=\"0 0 256 512\"><path fill=\"currentColor\" d=\"M224.3 273l-136 136c-9.4 9.4-24.6 9.4-33.9 0l-22.6-22.6c-9.4-9.4-9.4-24.6 0-33.9l96.4-96.4-96.4-96.4c-9.4-9.4-9.4-24.6 0-33.9L54.3 103c9.4-9.4 24.6-9.4 33.9 0l136 136c9.5 9.4 9.5 24.6.1 34z\"><\/path><\/svg><svg aria-hidden=\"true\" data-prefix=\"fas\" data-icon=\"angle-down\" class=\"svg-inline--fa fa-angle-down fa-w-10\" role=\"img\" xmlns=\"http:\/\/www.w3.org\/2000\/svg\" viewBox=\"0 0 320 512\"><path fill=\"currentColor\" d=\"M143 352.3L7 216.3c-9.4-9.4-9.4-24.6 0-33.9l22.6-22.6c9.4-9.4 24.6-9.4 33.9 0l96.4 96.4 96.4-96.4c9.4-9.4 24.6-9.4 33.9 0l22.6 22.6c9.4 9.4 9.4 24.6 0 33.9l-136 136c-9.2 9.4-24.4 9.4-33.8 0z\"><\/path><\/svg><svg aria-hidden=\"true\" data-prefix=\"fas\" data-icon=\"angle-right\" class=\"svg-inline--fa fa-angle-right fa-w-8\" role=\"img\" xmlns=\"http:\/\/www.w3.org\/2000\/svg\" viewBox=\"0 0 256 512\"><path fill=\"currentColor\" d=\"M224.3 273l-136 136c-9.4 9.4-24.6 9.4-33.9 0l-22.6-22.6c-9.4-9.4-9.4-24.6 0-33.9l96.4-96.4-96.4-96.4c-9.4-9.4-9.4-24.6 0-33.9L54.3 103c9.4-9.4 24.6-9.4 33.9 0l136 136c9.5 9.4 9.5 24.6.1 34z\"><\/path><\/svg><\/a>\n<ul class=\"sub-menu\">\n\t<li class=\"menu-item menu-item-type-post_type menu-item-object-page menu-item-767\"><a href=\"https:\/\/opdrhalisebabayigitcam.com\/?page_id=765\">Ben Kimim?<\/a><\/li>\n\t<li class=\"menu-item menu-item-type-post_type menu-item-object-page menu-item-117\"><a href=\"https:\/\/opdrhalisebabayigitcam.com\/?page_id=116\">Yay\u0131nlar\u0131m<\/a><\/li>\n\t<li class=\"menu-item menu-item-type-post_type menu-item-object-page menu-item-120\"><a href=\"https:\/\/opdrhalisebabayigitcam.com\/?page_id=119\">Ba\u015far\u0131 ve Te\u015fekk\u00fcr Belgeleri<\/a><\/li>\n\t<li class=\"menu-item menu-item-type-post_type menu-item-object-page menu-item-123\"><a href=\"https:\/\/opdrhalisebabayigitcam.com\/?page_id=122\">Kat\u0131ld\u0131\u011f\u0131 Kongreler, E\u011fitimler ve Ald\u0131\u011f\u0131 Sertifikalar<\/a><\/li>\n\t<li class=\"menu-item menu-item-type-post_type menu-item-object-page menu-item-126\"><a href=\"https:\/\/opdrhalisebabayigitcam.com\/?page_id=125\">Kitap \u201dHayata Bir Ne\u015fter\u201d<\/a><\/li>\n<\/ul>\n<\/li>\n<li class=\"menu-item menu-item-type-post_type menu-item-object-page menu-item-has-children menu-item-89\"><a href=\"https:\/\/opdrhalisebabayigitcam.com\/?page_id=38\">Hizmetler<svg aria-hidden=\"true\" data-prefix=\"fas\" data-icon=\"angle-down\" class=\"svg-inline--fa fa-angle-down fa-w-10\" role=\"img\" xmlns=\"http:\/\/www.w3.org\/2000\/svg\" viewBox=\"0 0 320 512\"><path fill=\"currentColor\" d=\"M143 352.3L7 216.3c-9.4-9.4-9.4-24.6 0-33.9l22.6-22.6c9.4-9.4 24.6-9.4 33.9 0l96.4 96.4 96.4-96.4c9.4-9.4 24.6-9.4 33.9 0l22.6 22.6c9.4 9.4 9.4 24.6 0 33.9l-136 136c-9.2 9.4-24.4 9.4-33.8 0z\"><\/path><\/svg><svg aria-hidden=\"true\" data-prefix=\"fas\" data-icon=\"angle-right\" class=\"svg-inline--fa fa-angle-right fa-w-8\" role=\"img\" xmlns=\"http:\/\/www.w3.org\/2000\/svg\" viewBox=\"0 0 256 512\"><path fill=\"currentColor\" d=\"M224.3 273l-136 136c-9.4 9.4-24.6 9.4-33.9 0l-22.6-22.6c-9.4-9.4-9.4-24.6 0-33.9l96.4-96.4-96.4-96.4c-9.4-9.4-9.4-24.6 0-33.9L54.3 103c9.4-9.4 24.6-9.4 33.9 0l136 136c9.5 9.4 9.5 24.6.1 34z\"><\/path><\/svg><svg aria-hidden=\"true\" data-prefix=\"fas\" data-icon=\"angle-down\" class=\"svg-inline--fa fa-angle-down fa-w-10\" role=\"img\" xmlns=\"http:\/\/www.w3.org\/2000\/svg\" viewBox=\"0 0 320 512\"><path fill=\"currentColor\" d=\"M143 352.3L7 216.3c-9.4-9.4-9.4-24.6 0-33.9l22.6-22.6c9.4-9.4 24.6-9.4 33.9 0l96.4 96.4 96.4-96.4c9.4-9.4 24.6-9.4 33.9 0l22.6 22.6c9.4 9.4 9.4 24.6 0 33.9l-136 136c-9.2 9.4-24.4 9.4-33.8 0z\"><\/path><\/svg><svg aria-hidden=\"true\" data-prefix=\"fas\" data-icon=\"angle-right\" class=\"svg-inline--fa fa-angle-right fa-w-8\" role=\"img\" xmlns=\"http:\/\/www.w3.org\/2000\/svg\" viewBox=\"0 0 256 512\"><path fill=\"currentColor\" d=\"M224.3 273l-136 136c-9.4 9.4-24.6 9.4-33.9 0l-22.6-22.6c-9.4-9.4-9.4-24.6 0-33.9l96.4-96.4-96.4-96.4c-9.4-9.4-9.4-24.6 0-33.9L54.3 103c9.4-9.4 24.6-9.4 33.9 0l136 136c9.5 9.4 9.5 24.6.1 34z\"><\/path><\/svg><\/a>\n<ul class=\"sub-menu\">\n\t<li class=\"menu-item menu-item-type-post_type menu-item-object-page menu-item-692\"><a href=\"https:\/\/opdrhalisebabayigitcam.com\/?page_id=691\">Akupunktur<\/a><\/li>\n\t<li class=\"menu-item menu-item-type-post_type menu-item-object-page menu-item-657\"><a href=\"https:\/\/opdrhalisebabayigitcam.com\/?page_id=656\">Fitoterapi<\/a><\/li>\n\t<li class=\"menu-item menu-item-type-post_type menu-item-object-page menu-item-674\"><a href=\"https:\/\/opdrhalisebabayigitcam.com\/?page_id=673\">Hirudoterapi<\/a><\/li>\n\t<li class=\"menu-item menu-item-type-post_type menu-item-object-page menu-item-777\"><a href=\"https:\/\/opdrhalisebabayigitcam.com\/?page_id=776\">Homeopati<\/a><\/li>\n\t<li class=\"menu-item menu-item-type-post_type menu-item-object-page menu-item-780\"><a href=\"https:\/\/opdrhalisebabayigitcam.com\/?page_id=779\">\u00c7ocuk Homeopati<\/a><\/li>\n\t<li class=\"menu-item menu-item-type-post_type menu-item-object-page menu-item-732\"><a href=\"https:\/\/opdrhalisebabayigitcam.com\/?page_id=731\">Kupa Terapi<\/a><\/li>\n\t<li class=\"menu-item menu-item-type-post_type menu-item-object-page menu-item-722\"><a href=\"https:\/\/opdrhalisebabayigitcam.com\/?page_id=721\">Mezoterapi<\/a><\/li>\n\t<li class=\"menu-item menu-item-type-post_type menu-item-object-page menu-item-712\"><a href=\"https:\/\/opdrhalisebabayigitcam.com\/?page_id=711\">Ozonpunktur<\/a><\/li>\n\t<li class=\"menu-item menu-item-type-post_type menu-item-object-page menu-item-702\"><a href=\"https:\/\/opdrhalisebabayigitcam.com\/?page_id=701\">Ozon Terapi<\/a><\/li>\n<\/ul>\n<\/li>\n<li class=\"menu-item menu-item-type-post_type menu-item-object-page menu-item-91\"><a href=\"https:\/\/opdrhalisebabayigitcam.com\/?page_id=39\">\u0130LET\u0130\u015e\u0130M<\/a><\/li>\n<\/ul><\/div><\/div>\n                          <\/div>\n                        <\/div>\n                        <div class=\"offscreen-footer h-ui-empty-state-container\">\n                          <div data-colibri-id=\"39-c13\" class=\"h-row-container gutters-row-lg-0 gutters-row-md-0 gutters-row-0 gutters-row-v-lg-0 gutters-row-v-md-0 gutters-row-v-0 style-755 style-local-39-c13 position-relative\">\n                            <!---->\n                            <div class=\"h-row justify-content-lg-center justify-content-md-center justify-content-center align-items-lg-stretch align-items-md-stretch align-items-stretch gutters-col-lg-0 gutters-col-md-0 gutters-col-0 gutters-col-v-lg-0 gutters-col-v-md-0 gutters-col-v-0\">\n                              <!---->\n                              <div class=\"h-column h-column-container d-flex h-col-lg h-col-md h-col-auto style-756-outer style-local-39-c14-outer\">\n                                <div data-colibri-id=\"39-c14\" class=\"d-flex h-flex-basis h-column__inner h-px-lg-2 h-px-md-2 h-px-2 v-inner-lg-2 v-inner-md-2 v-inner-2 style-756 style-local-39-c14 position-relative\">\n                                  <!---->\n                                  <!---->\n                                  <div class=\"w-100 h-y-container h-column__content h-column__v-align flex-basis-100 align-self-lg-start align-self-md-start align-self-start\">\n                                    <!---->\n                                    <div data-colibri-id=\"39-c15\" class=\"h-text h-text-component style-757 style-local-39-c15 position-relative h-element\">\n                                      <!---->\n                                      <!---->\n                                      <div class=\"\">\n                                        <p>\u00a9 2025<\/p>\n                                      <\/div>\n                                    <\/div>\n                                  <\/div>\n                                <\/div>\n                              <\/div>\n                            <\/div>\n                          <\/div>\n                        <\/div>\n                      <\/div>\n                    <\/div>\n                    <div id=\"offcanvas-overlay-39-c7\" class=\"offscreen-overlay style-749-offscreenOverlay style-local-39-c7-offscreenOverlay\"><\/div>\n                  <\/div>\n                <\/div>\n                <div data-colibri-id=\"39-c5\" class=\"style-746 style-local-39-c5 position-relative h-element\">\n                  <!---->\n                  <div>\n                    \n                    <p><strong>Adres: <\/strong>K\u0131z\u0131l\u0131rmak Mahallesi 1450. Sokak Ankara Ticaret Merkezi B Blok No: 1\/18 Kat: 3 \u00c7ukurambar-\u00c7ankaya\/ANKARA<\/p>\n                    \n\n                    \n                    <p><strong>Telefon: <\/strong>0544 110 05 41<\/p>\n                    \n                  <\/div>\n                <\/div>\n              <\/div>\n            <\/div>\n          <\/div>\n        <\/div>\n      <\/div>\n    <\/div>\n  <\/div>\n<\/div>","protected":false},"excerpt":{"rendered":"<p>\u00a9 2025 Adres: K\u0131z\u0131l\u0131rmak Mahallesi 1450. Sokak Ankara Ticaret Merkezi B Blok No: 1\/18 Kat: 3 \u00c7ukurambar-\u00c7ankaya\/ANKARA Telefon: 0544 110 05 41<\/p>\n","protected":false},"author":1,"featured_media":253,"parent":0,"menu_order":0,"comment_status":"closed","ping_status":"closed","template":"page-templates\/full-width-page.php","meta":{"footnotes":""},"class_list":["post-39","page","type-page","status-publish","has-post-thumbnail","hentry"],"_links":{"self":[{"href":"https:\/\/opdrhalisebabayigitcam.com\/index.php?rest_route=\/wp\/v2\/pages\/39","targetHints":{"allow":["GET"]}}],"collection":[{"href":"https:\/\/opdrhalisebabayigitcam.com\/index.php?rest_route=\/wp\/v2\/pages"}],"about":[{"href":"https:\/\/opdrhalisebabayigitcam.com\/index.php?rest_route=\/wp\/v2\/types\/page"}],"author":[{"embeddable":true,"href":"https:\/\/opdrhalisebabayigitcam.com\/index.php?rest_route=\/wp\/v2\/users\/1"}],"replies":[{"embeddable":true,"href":"https:\/\/opdrhalisebabayigitcam.com\/index.php?rest_route=%2Fwp%2Fv2%2Fcomments&post=39"}],"version-history":[{"count":8,"href":"https:\/\/opdrhalisebabayigitcam.com\/index.php?rest_route=\/wp\/v2\/pages\/39\/revisions"}],"predecessor-version":[{"id":962,"href":"https:\/\/opdrhalisebabayigitcam.com\/index.php?rest_route=\/wp\/v2\/pages\/39\/revisions\/962"}],"wp:featuredmedia":[{"embeddable":true,"href":"https:\/\/opdrhalisebabayigitcam.com\/index.php?rest_route=\/wp\/v2\/media\/253"}],"wp:attachment":[{"href":"https:\/\/opdrhalisebabayigitcam.com\/index.php?rest_route=%2Fwp%2Fv2%2Fmedia&parent=39"}],"curies":[{"name":"wp","href":"https:\/\/api.w.org\/{rel}","templated":true}]}}